{"id":91,"date":"2021-03-17T04:05:28","date_gmt":"2021-03-17T03:05:28","guid":{"rendered":"https:\/\/themify.me\/demo\/themes\/clinic\/?page_id=7"},"modified":"2025-03-24T16:26:55","modified_gmt":"2025-03-24T15:26:55","slug":"accueil","status":"publish","type":"page","link":"https:\/\/clara-reyes.com\/es\/","title":{"rendered":"Inicio"},"content":{"rendered":"<!--themify_builder_content-->\n<div id=\"themify_builder_content-91\" data-postid=\"91\" class=\"themify_builder_content themify_builder_content-91 themify_builder tf_clear\">\n                    <div  data-lazy=\"1\" class=\"module_row themify_builder_row tb_ww2w334 tb_first tf_w\">\n            <span class=\"tb_row_frame_wrap tf_overflow tf_abs\" data-lazy=\"1\"><span class=\"tb_row_frame tb_row_frame_bottom  tf_abs tf_hide tf_overflow tf_w\"><\/span><\/span>            <div class=\"row_inner col_align_top tb_col_count_1 tf_box tf_rel\">\n                        <div  data-lazy=\"1\" class=\"module_column tb-column col-full tb_lwv3335 first\">\n                    <!-- module text -->\n<div  class=\"module module-text tb_dza0606 tangerine\" data-lazy=\"1\">\n        <div  class=\"tb_text_wrap\">\n        <h1 style=\"font-weight: 400; letter-spacing: 2px;\">Clara Vela<\/h1>\n<h2 style=\"font-weight: 300; letter-spacing: 3px;\"><span style=\"font-weight: normal;\">naturopathe<\/span><\/h2>\n<h2 style=\"font-weight: 300; letter-spacing: 3px;\"><span style=\"font-weight: normal;\">psychoth\u00e9rapeute<\/span><\/h2>\n<h2 style=\"font-weight: 300; letter-spacing: 3px;\"><span style=\"font-weight: normal;\">hypnotiseur<\/span><\/h2>    <\/div>\n<\/div>\n<!-- \/module text --><!-- module buttons -->\n<div  class=\"module module-buttons tb_gkhp349 buttons-horizontal solid custom-button hide-mobile small rounded\" data-lazy=\"1\">\n        <div class=\"module-buttons-item tf_in_flx\">\n                        <a href=\"https:\/\/clara-reyes.com\/es\/contact\/\" class=\"ui builder_button tf_in_flx tb_default_color\" >\n                                                Vilafranca de Pened\u00e8s                                        <\/a>\n                <\/div>\n                    <div class=\"module-buttons-item tf_in_flx\">\n                        <a href=\"https:\/\/clara-reyes.com\/es\/contact\/\" class=\"ui builder_button tf_in_flx tb_default_color\" >\n                                                Vilanova i la Gertr\u00fa                                        <\/a>\n                <\/div>\n                    <div class=\"module-buttons-item tf_in_flx\">\n                        <a href=\"https:\/\/clara-reyes.com\/es\/contact\/\" class=\"ui builder_button tf_in_flx tb_default_color\" >\n                                                Stiges                                        <\/a>\n                <\/div>\n            <\/div>\n<!-- \/module buttons -->\n<!-- module buttons -->\n<div  class=\"module module-buttons tb_e94u817 buttons-horizontal solid custom-button small rounded\" data-lazy=\"1\">\n        <div class=\"module-buttons-item tf_in_flx\">\n                        <a href=\"https:\/\/clara-reyes.com\/es\/contact\/\" class=\"ui builder_button tf_in_flx tb_default_color\" >\n                                                Th\u00e9rapie en ligne                                        <\/a>\n                <\/div>\n                    <div class=\"module-buttons-item tf_in_flx\">\n                        <a href=\"https:\/\/clara-reyes.com\/es\/qui-suis-je\/\" class=\"ui builder_button tf_in_flx tb_default_color\" >\n                                                EN SAVOIR PLUS                                        <\/a>\n                <\/div>\n            <\/div>\n<!-- \/module buttons -->\n        <\/div>\n                        <\/div>\n        <\/div>\n                        <div  data-css_id=\"790v965\" data-lazy=\"1\" class=\"module_row themify_builder_row fullwidth_row_container tb_790v965 tf_w\">\n            <span class=\"tb_row_frame_wrap tf_overflow tf_abs\" data-lazy=\"1\"><span class=\"tb_row_frame tb_row_frame_bottom  tf_abs tf_hide tf_overflow tf_w\"><\/span><\/span>            <div class=\"row_inner col_align_top tb_col_count_1 tf_box tf_rel\">\n                        <div  data-lazy=\"1\" class=\"module_column tb-column col-full tb_bg3u967 first\">\n                    <!-- module fancy heading -->\n<div  class=\"module module-fancy-heading tb_d9q2143  tb_hide_divider\" data-lazy=\"1\">\n        <h2 class=\"fancy-heading tf_textc\">\n    <span class=\"main-head tf_block\">\n                    T\u00e9cnicas terape\u00faticas            <\/span>\n\n    \n    <span class=\"sub-head tf_block tf_rel\">\n                                <\/span>\n    <\/h2>\n<\/div>\n<!-- \/module fancy heading -->\n        <div  data-lazy=\"1\" class=\"module_subrow themify_builder_sub_row tf_w col_align_top tb_col_count_5 tb_bru2343\">\n                <div  data-lazy=\"1\" class=\"module_column sub_column col5-1 tb_c6yc343 responsive-card-column first\" data-tb_link=\"https:\/\/clara-reyes.com\/naturopathie\/\">\n                    <!-- module image -->\n<div  class=\"module module-image tb_gfuz176 image-card-layout circle responsive-card-image tf_mw\" data-lazy=\"1\">\n        <div class=\"image-wrap tf_rel tf_mw\">\n            <img loading=\"lazy\" decoding=\"async\" src=\"https:\/\/clara-reyes.com\/wp-content\/uploads\/2022\/09\/clara-reyes-vela-naturopathe-naturopathie-ventouses-1024x662-300x300.jpg\" width=\"300\" height=\"300\" class=\"wp-post-image wp-image-153\" title=\"clara-reyes-vela-naturopathe-naturopathie-ventouses\" alt=\"clara-reyes-vela-naturopathe-naturopathie-ventouses\" srcset=\"https:\/\/clara-reyes.com\/wp-content\/uploads\/2022\/09\/clara-reyes-vela-naturopathe-naturopathie-ventouses-1024x662-300x300.jpg 300w, https:\/\/clara-reyes.com\/wp-content\/uploads\/2022\/09\/clara-reyes-vela-naturopathe-naturopathie-ventouses-150x150.jpg 150w\" sizes=\"auto, (max-width: 300px) 100vw, 300px\" \/>    \n        <\/div>\n    <!-- \/image-wrap -->\n    \n        <\/div>\n<!-- \/module image --><!-- module text -->\n<div  class=\"module module-text tb_77xq840\" data-lazy=\"1\">\n        <div  class=\"tb_text_wrap\">\n        <h3 style=\"text-align: center;\">Naturopat\u00eda<\/h3>\n<p style=\"text-align: center;\">Phytoth\u00e9rapie, oligoth\u00e9rapie, auriculoth\u00e9rapie, hom\u00e9oth\u00e9rapie, nutrition&#8230;<\/p>    <\/div>\n<\/div>\n<!-- \/module text -->        <\/div>\n                    <div  data-lazy=\"1\" class=\"module_column sub_column col5-1 tb_k9f9344 responsive-card-column\" data-tb_link=\"https:\/\/clara-reyes.com\/paires-biomagnetiques\">\n                    <!-- module image -->\n<div  class=\"module module-image tb_rplz407 image-card-layout circle responsive-card-image tf_mw\" data-lazy=\"1\">\n        <div class=\"image-wrap tf_rel tf_mw\">\n            <img loading=\"lazy\" decoding=\"async\" src=\"https:\/\/clara-reyes.com\/wp-content\/uploads\/2022\/09\/clara-reyes-vela-naturopathe-paires-biomagnetiques-300x300.jpg\" width=\"300\" height=\"300\" class=\"wp-post-image wp-image-159\" title=\"clara-reyes-vela-naturopathe-paires-biomagnetiques\" alt=\"clara-reyes-vela-naturopathe-paires-biomagnetiques\" srcset=\"https:\/\/clara-reyes.com\/wp-content\/uploads\/2022\/09\/clara-reyes-vela-naturopathe-paires-biomagnetiques-300x300.jpg 300w, https:\/\/clara-reyes.com\/wp-content\/uploads\/2022\/09\/clara-reyes-vela-naturopathe-paires-biomagnetiques-150x150.jpg 150w\" sizes=\"auto, (max-width: 300px) 100vw, 300px\" \/>    \n        <\/div>\n    <!-- \/image-wrap -->\n    \n        <\/div>\n<!-- \/module image --><!-- module text -->\n<div  class=\"module module-text tb_d42d228\" data-lazy=\"1\">\n        <div  class=\"tb_text_wrap\">\n        <h3 style=\"text-align: center;\">Paire biomagn\u00e9tique m\u00e9dicale<\/h3>\n<p style=\"text-align: center;\">M\u00e9thode cr\u00e9e par le Dr Goiz Duran en 1988 &#8230;<\/p>    <\/div>\n<\/div>\n<!-- \/module text -->        <\/div>\n                    <div  data-lazy=\"1\" class=\"module_column sub_column col5-1 tb_hgsc486 responsive-card-column\" data-tb_link=\"https:\/\/clara-reyes.com\/hypnose-introspective-clinique\">\n                    <!-- module image -->\n<div  class=\"module module-image tb_d4oy35 image-card-layout circle responsive-card-image tf_mw\" data-lazy=\"1\">\n        <div class=\"image-wrap tf_rel tf_mw\">\n            <img loading=\"lazy\" decoding=\"async\" src=\"https:\/\/clara-reyes.com\/wp-content\/uploads\/2022\/11\/clara-reyes-vela-naturopathe-hypnose-clinique-ecoute-profonde-300x300.jpg\" width=\"300\" height=\"300\" class=\"wp-post-image wp-image-590\" title=\"clara-reyes-vela-naturopathe-hypnose-clinique-ecoute-profonde\" alt=\"clara-reyes-vela-naturopathe-hypnose-clinique-ecoute-profonde\" srcset=\"https:\/\/clara-reyes.com\/wp-content\/uploads\/2022\/11\/clara-reyes-vela-naturopathe-hypnose-clinique-ecoute-profonde-300x300.jpg 300w, https:\/\/clara-reyes.com\/wp-content\/uploads\/2022\/11\/clara-reyes-vela-naturopathe-hypnose-clinique-ecoute-profonde-150x150.jpg 150w, https:\/\/clara-reyes.com\/wp-content\/uploads\/2022\/11\/clara-reyes-vela-naturopathe-hypnose-clinique-ecoute-profonde-13x12.jpg 13w\" sizes=\"auto, (max-width: 300px) 100vw, 300px\" \/>    \n        <\/div>\n    <!-- \/image-wrap -->\n    \n        <\/div>\n<!-- \/module image --><!-- module text -->\n<div  class=\"module module-text tb_v05250\" data-lazy=\"1\">\n        <div  class=\"tb_text_wrap\">\n        <h3 style=\"text-align: center;\">Hypnose introspective clinique<\/h3>\n<p>Identifier la racine d&rsquo;un conflit pass\u00e9 qui nous influence aujourd&rsquo;hui&#8230;<\/p>    <\/div>\n<\/div>\n<!-- \/module text -->        <\/div>\n                    <div  data-lazy=\"1\" class=\"module_column sub_column col5-1 tb_8g8x82 responsive-card-column\" data-tb_link=\"https:\/\/clara-reyes.com\/psychogenealogie\">\n                    <!-- module image -->\n<div  class=\"module module-image tb_kc3a83 image-card-layout circle responsive-card-image tf_mw\" data-lazy=\"1\">\n        <div class=\"image-wrap tf_rel tf_mw\">\n            <img loading=\"lazy\" decoding=\"async\" src=\"https:\/\/clara-reyes.com\/wp-content\/uploads\/2022\/09\/clara-reyes-vela-naturopathe-arbre-transgenerationnel-300x300.jpg\" width=\"300\" height=\"300\" class=\"wp-post-image wp-image-156\" title=\"clara-reyes-vela-naturopathe-arbre-transgenerationnel\" alt=\"clara-reyes-vela-naturopathe-arbre-transgenerationnel\" srcset=\"https:\/\/clara-reyes.com\/wp-content\/uploads\/2022\/09\/clara-reyes-vela-naturopathe-arbre-transgenerationnel-300x300.jpg 300w, https:\/\/clara-reyes.com\/wp-content\/uploads\/2022\/09\/clara-reyes-vela-naturopathe-arbre-transgenerationnel-150x150.jpg 150w\" sizes=\"auto, (max-width: 300px) 100vw, 300px\" \/>    \n        <\/div>\n    <!-- \/image-wrap -->\n    \n        <\/div>\n<!-- \/module image --><!-- module text -->\n<div  class=\"module module-text tb_pfic83\" data-lazy=\"1\">\n        <div  class=\"tb_text_wrap\">\n        <h3 style=\"text-align: center;\">Psychog\u00e9n\u00e9alogie<br>Th\u00e9rapie syst\u00e9mique<\/h3>\n<p>\u00c9tude de l\u2019arbre transg\u00e9n\u00e9rationnel:<br>analyser, comprendre et soigner\u2026<\/p>    <\/div>\n<\/div>\n<!-- \/module text -->        <\/div>\n                    <div  data-lazy=\"1\" class=\"module_column sub_column col5-1 tb_wf4j918 responsive-card-column last\" data-tb_link=\"https:\/\/clara-reyes.com\/psycotherapie-ucem\">\n                    <!-- module image -->\n<div  class=\"module module-image tb_w476919 image-card-layout circle responsive-card-image tf_mw\" data-lazy=\"1\">\n        <div class=\"image-wrap tf_rel tf_mw\">\n            <img loading=\"lazy\" decoding=\"async\" src=\"https:\/\/clara-reyes.com\/wp-content\/uploads\/2022\/11\/clara-reyes-vela-cours-en-miracle-psychotherapeute-livre-300x300.jpg\" width=\"300\" height=\"300\" class=\"wp-post-image wp-image-710\" title=\"clara-reyes-vela-cours-en-miracle-psychotherapeute-livre\" alt=\"clara-reyes-vela-cours-en-miracle-psychotherapeute-livre\" srcset=\"https:\/\/clara-reyes.com\/wp-content\/uploads\/2022\/11\/clara-reyes-vela-cours-en-miracle-psychotherapeute-livre-300x300.jpg 300w, https:\/\/clara-reyes.com\/wp-content\/uploads\/2022\/11\/clara-reyes-vela-cours-en-miracle-psychotherapeute-livre-150x150.jpg 150w, https:\/\/clara-reyes.com\/wp-content\/uploads\/2022\/11\/clara-reyes-vela-cours-en-miracle-psychotherapeute-livre-12x12.jpg 12w, https:\/\/clara-reyes.com\/wp-content\/uploads\/2022\/11\/clara-reyes-vela-cours-en-miracle-psychotherapeute-livre.jpg 225w\" sizes=\"auto, (max-width: 300px) 100vw, 300px\" \/>    \n        <\/div>\n    <!-- \/image-wrap -->\n    \n        <\/div>\n<!-- \/module image --><!-- module text -->\n<div  class=\"module module-text tb_i9bb920\" data-lazy=\"1\">\n        <div  class=\"tb_text_wrap\">\n        <h3 style=\"text-align: center;\">Psychoth\u00e9rapie UCEM<\/h3>\n<p>Th\u00e9rapie introspective. Trouver la cause pour supprimer l&rsquo;effet&#8230;<\/p>    <\/div>\n<\/div>\n<!-- \/module text -->        <\/div>\n                    <\/div>\n                <\/div>\n                        <\/div>\n        <\/div>\n                        <div  data-lazy=\"1\" class=\"module_row themify_builder_row tb_fb05115 tf_w\">\n            <span class=\"tb_row_frame_wrap tf_overflow tf_abs\" data-lazy=\"1\"><span class=\"tb_row_frame tb_row_frame_bottom  tf_abs tf_hide tf_overflow tf_w\"><\/span><\/span>            <div class=\"row_inner col_align_top tb_col_count_1 tf_box tf_rel\">\n                        <div  data-lazy=\"1\" class=\"module_column tb-column col-full tb_woqb116 responsive-card-column first\">\n                    <!-- module text -->\n<div  class=\"module module-text tb_179e283\" data-lazy=\"1\">\n        <div  class=\"tb_text_wrap\">\n        <h2 style=\"text-align: center;\">D\u00e9roulement d&rsquo;une s\u00e9ance&#8230;<\/h2>\n<p style=\"text-align: center;\">En tant que th\u00e9rapeute int\u00e9grale, je vous propose de d\u00e9cider, lors de la premi\u00e8re s\u00e9ance, la th\u00e9rapie id\u00e9ale pour chaque cas, pour chaque moment.<\/p>\n<p style=\"text-align: center;\">Celle-ci sera appliqu\u00e9e lors de la premi\u00e8re visite.<\/p>\n<p style=\"text-align: center;\">Les s\u00e9ances seront compos\u00e9es d&rsquo;une ou de plusieurs techniques th\u00e9rapeutiques, cela d\u00e9pendra des besoins de chaque individu.<\/p>\n<p style=\"text-align: center; font-size: 19px;\">\u00a0<\/p>    <\/div>\n<\/div>\n<!-- \/module text -->        <\/div>\n                        <\/div>\n        <\/div>\n                        <div  data-css_id=\"f47d997\" data-lazy=\"1\" class=\"module_row themify_builder_row fullwidth tb_f47d997 tf_w\">\n                        <div class=\"row_inner col_align_top tb_col_count_1 tf_box tf_rel\">\n                        <div  data-lazy=\"1\" class=\"module_column tb-column col-full tb_byji999 first\">\n                            <\/div>\n                        <\/div>\n        <\/div>\n        <\/div>\n<!--\/themify_builder_content-->","protected":false},"excerpt":{"rendered":"<p>Clara Vela naturopathe psychoth\u00e9rapeute hypnotiseur<\/p>","protected":false},"author":1,"featured_media":0,"parent":0,"menu_order":0,"comment_status":"closed","ping_status":"closed","template":"","meta":{"_monsterinsights_skip_tracking":false,"_monsterinsights_sitenote_active":false,"_monsterinsights_sitenote_note":"","_monsterinsights_sitenote_category":0,"footnotes":""},"class_list":["post-91","page","type-page","status-publish","hentry","has-post-title","has-post-date","has-post-category","has-post-tag","has-post-comment","has-post-author",""],"yoast_head":"<!-- This site is optimized with the Yoast SEO plugin v27.5 - https:\/\/yoast.com\/product\/yoast-seo-wordpress\/ -->\n<title>Accueil - Clara Reyes Naturopathe<\/title>\n<meta name=\"description\" content=\"Clara Reyes Naturopathe en Dr\u00f4me \/ Espagne pratique la th\u00e9rapie int\u00e9grale, paires biomagn\u00e9tiques, psychog\u00e9n\u00e9alogie, hypnose introspective clinique...\" \/>\n<meta name=\"robots\" content=\"index, follow, max-snippet:-1, max-image-preview:large, max-video-preview:-1\" \/>\n<link rel=\"canonical\" href=\"https:\/\/clara-reyes.com\/es\/\" \/>\n<meta property=\"og:locale\" content=\"es_ES\" \/>\n<meta property=\"og:type\" content=\"article\" \/>\n<meta property=\"og:title\" content=\"Accueil - Clara Reyes Naturopathe\" \/>\n<meta property=\"og:description\" content=\"Clara Reyes Naturopathe en Dr\u00f4me \/ Espagne pratique la th\u00e9rapie int\u00e9grale, paires biomagn\u00e9tiques, psychog\u00e9n\u00e9alogie, hypnose introspective clinique...\" \/>\n<meta property=\"og:url\" content=\"https:\/\/clara-reyes.com\/es\/\" \/>\n<meta property=\"og:site_name\" content=\"Clara Reyes Naturopathe\" \/>\n<meta property=\"article:modified_time\" content=\"2025-03-24T15:26:55+00:00\" \/>\n<meta property=\"og:image\" content=\"https:\/\/clara-reyes.com\/wp-content\/uploads\/2022\/09\/clara-reyes-vela-naturopathe-naturopathie-ventouses.jpg\" \/>\n\t<meta property=\"og:image:width\" content=\"1920\" \/>\n\t<meta property=\"og:image:height\" content=\"1242\" \/>\n\t<meta property=\"og:image:type\" content=\"image\/jpeg\" \/>\n<meta name=\"twitter:card\" content=\"summary_large_image\" \/>\n<meta name=\"twitter:label1\" content=\"Tiempo de lectura\" \/>\n\t<meta name=\"twitter:data1\" content=\"4 minutos\" \/>\n<script type=\"application\/ld+json\" class=\"yoast-schema-graph\">{\"@context\":\"https:\\\/\\\/schema.org\",\"@graph\":[{\"@type\":\"WebPage\",\"@id\":\"https:\\\/\\\/clara-reyes.com\\\/\",\"url\":\"https:\\\/\\\/clara-reyes.com\\\/\",\"name\":\"Accueil - Clara Reyes Naturopathe\",\"isPartOf\":{\"@id\":\"https:\\\/\\\/clara-reyes.com\\\/#website\"},\"primaryImageOfPage\":{\"@id\":\"https:\\\/\\\/clara-reyes.com\\\/#primaryimage\"},\"image\":{\"@id\":\"https:\\\/\\\/clara-reyes.com\\\/#primaryimage\"},\"thumbnailUrl\":\"https:\\\/\\\/clara-reyes.com\\\/wp-content\\\/uploads\\\/2022\\\/09\\\/clara-reyes-vela-naturopathe-naturopathie-ventouses-1024x662-300x300.jpg\",\"datePublished\":\"2021-03-17T03:05:28+00:00\",\"dateModified\":\"2025-03-24T15:26:55+00:00\",\"description\":\"Clara Reyes Naturopathe en Dr\u00f4me \\\/ Espagne pratique la th\u00e9rapie int\u00e9grale, paires biomagn\u00e9tiques, psychog\u00e9n\u00e9alogie, hypnose introspective clinique...\",\"breadcrumb\":{\"@id\":\"https:\\\/\\\/clara-reyes.com\\\/#breadcrumb\"},\"inLanguage\":\"es\",\"potentialAction\":[{\"@type\":\"ReadAction\",\"target\":[\"https:\\\/\\\/clara-reyes.com\\\/\"]}]},{\"@type\":\"ImageObject\",\"inLanguage\":\"es\",\"@id\":\"https:\\\/\\\/clara-reyes.com\\\/#primaryimage\",\"url\":\"https:\\\/\\\/clara-reyes.com\\\/wp-content\\\/uploads\\\/2022\\\/09\\\/clara-reyes-vela-naturopathe-naturopathie-ventouses-1024x662-300x300.jpg\",\"contentUrl\":\"https:\\\/\\\/clara-reyes.com\\\/wp-content\\\/uploads\\\/2022\\\/09\\\/clara-reyes-vela-naturopathe-naturopathie-ventouses-1024x662-300x300.jpg\"},{\"@type\":\"BreadcrumbList\",\"@id\":\"https:\\\/\\\/clara-reyes.com\\\/#breadcrumb\",\"itemListElement\":[{\"@type\":\"ListItem\",\"position\":1,\"name\":\"Accueil\",\"item\":\"https:\\\/\\\/clara-reyes.com\\\/\"},{\"@type\":\"ListItem\",\"position\":2,\"name\":\"Accueil\"}]},{\"@type\":\"WebSite\",\"@id\":\"https:\\\/\\\/clara-reyes.com\\\/#website\",\"url\":\"https:\\\/\\\/clara-reyes.com\\\/\",\"name\":\"Clara Reyes Naturopathe\",\"description\":\"Th\u00e9rapie int\u00e9grale\",\"publisher\":{\"@id\":\"https:\\\/\\\/clara-reyes.com\\\/#organization\"},\"potentialAction\":[{\"@type\":\"SearchAction\",\"target\":{\"@type\":\"EntryPoint\",\"urlTemplate\":\"https:\\\/\\\/clara-reyes.com\\\/?s={search_term_string}\"},\"query-input\":{\"@type\":\"PropertyValueSpecification\",\"valueRequired\":true,\"valueName\":\"search_term_string\"}}],\"inLanguage\":\"es\"},{\"@type\":\"Organization\",\"@id\":\"https:\\\/\\\/clara-reyes.com\\\/#organization\",\"name\":\"Clara Reyes Naturopathe\",\"url\":\"https:\\\/\\\/clara-reyes.com\\\/\",\"logo\":{\"@type\":\"ImageObject\",\"inLanguage\":\"es\",\"@id\":\"https:\\\/\\\/clara-reyes.com\\\/#\\\/schema\\\/logo\\\/image\\\/\",\"url\":\"https:\\\/\\\/clara-reyes.com\\\/wp-content\\\/uploads\\\/2023\\\/01\\\/clara-reyes-vela-naturopathe-marsanne-transparent-v3.png\",\"contentUrl\":\"https:\\\/\\\/clara-reyes.com\\\/wp-content\\\/uploads\\\/2023\\\/01\\\/clara-reyes-vela-naturopathe-marsanne-transparent-v3.png\",\"width\":500,\"height\":354,\"caption\":\"Clara Reyes Naturopathe\"},\"image\":{\"@id\":\"https:\\\/\\\/clara-reyes.com\\\/#\\\/schema\\\/logo\\\/image\\\/\"}}]}<\/script>\n<!-- \/ Yoast SEO plugin. -->","yoast_head_json":{"title":"Accueil - Clara Reyes Naturopathe","description":"Clara Reyes Naturopathe en Dr\u00f4me \/ Espagne pratique la th\u00e9rapie int\u00e9grale, paires biomagn\u00e9tiques, psychog\u00e9n\u00e9alogie, hypnose introspective clinique...","robots":{"index":"index","follow":"follow","max-snippet":"max-snippet:-1","max-image-preview":"max-image-preview:large","max-video-preview":"max-video-preview:-1"},"canonical":"https:\/\/clara-reyes.com\/es\/","og_locale":"es_ES","og_type":"article","og_title":"Accueil - Clara Reyes Naturopathe","og_description":"Clara Reyes Naturopathe en Dr\u00f4me \/ Espagne pratique la th\u00e9rapie int\u00e9grale, paires biomagn\u00e9tiques, psychog\u00e9n\u00e9alogie, hypnose introspective clinique...","og_url":"https:\/\/clara-reyes.com\/es\/","og_site_name":"Clara Reyes Naturopathe","article_modified_time":"2025-03-24T15:26:55+00:00","og_image":[{"width":1920,"height":1242,"url":"https:\/\/clara-reyes.com\/wp-content\/uploads\/2022\/09\/clara-reyes-vela-naturopathe-naturopathie-ventouses.jpg","type":"image\/jpeg"}],"twitter_card":"summary_large_image","twitter_misc":{"Tiempo de lectura":"4 minutos"},"schema":{"@context":"https:\/\/schema.org","@graph":[{"@type":"WebPage","@id":"https:\/\/clara-reyes.com\/","url":"https:\/\/clara-reyes.com\/","name":"Accueil - Clara Reyes Naturopathe","isPartOf":{"@id":"https:\/\/clara-reyes.com\/#website"},"primaryImageOfPage":{"@id":"https:\/\/clara-reyes.com\/#primaryimage"},"image":{"@id":"https:\/\/clara-reyes.com\/#primaryimage"},"thumbnailUrl":"https:\/\/clara-reyes.com\/wp-content\/uploads\/2022\/09\/clara-reyes-vela-naturopathe-naturopathie-ventouses-1024x662-300x300.jpg","datePublished":"2021-03-17T03:05:28+00:00","dateModified":"2025-03-24T15:26:55+00:00","description":"Clara Reyes Naturopathe en Dr\u00f4me \/ Espagne pratique la th\u00e9rapie int\u00e9grale, paires biomagn\u00e9tiques, psychog\u00e9n\u00e9alogie, hypnose introspective clinique...","breadcrumb":{"@id":"https:\/\/clara-reyes.com\/#breadcrumb"},"inLanguage":"es","potentialAction":[{"@type":"ReadAction","target":["https:\/\/clara-reyes.com\/"]}]},{"@type":"ImageObject","inLanguage":"es","@id":"https:\/\/clara-reyes.com\/#primaryimage","url":"https:\/\/clara-reyes.com\/wp-content\/uploads\/2022\/09\/clara-reyes-vela-naturopathe-naturopathie-ventouses-1024x662-300x300.jpg","contentUrl":"https:\/\/clara-reyes.com\/wp-content\/uploads\/2022\/09\/clara-reyes-vela-naturopathe-naturopathie-ventouses-1024x662-300x300.jpg"},{"@type":"BreadcrumbList","@id":"https:\/\/clara-reyes.com\/#breadcrumb","itemListElement":[{"@type":"ListItem","position":1,"name":"Accueil","item":"https:\/\/clara-reyes.com\/"},{"@type":"ListItem","position":2,"name":"Accueil"}]},{"@type":"WebSite","@id":"https:\/\/clara-reyes.com\/#website","url":"https:\/\/clara-reyes.com\/","name":"Clara Reyes Naturopathe","description":"Th\u00e9rapie int\u00e9grale","publisher":{"@id":"https:\/\/clara-reyes.com\/#organization"},"potentialAction":[{"@type":"SearchAction","target":{"@type":"EntryPoint","urlTemplate":"https:\/\/clara-reyes.com\/?s={search_term_string}"},"query-input":{"@type":"PropertyValueSpecification","valueRequired":true,"valueName":"search_term_string"}}],"inLanguage":"es"},{"@type":"Organization","@id":"https:\/\/clara-reyes.com\/#organization","name":"Clara Reyes Naturopathe","url":"https:\/\/clara-reyes.com\/","logo":{"@type":"ImageObject","inLanguage":"es","@id":"https:\/\/clara-reyes.com\/#\/schema\/logo\/image\/","url":"https:\/\/clara-reyes.com\/wp-content\/uploads\/2023\/01\/clara-reyes-vela-naturopathe-marsanne-transparent-v3.png","contentUrl":"https:\/\/clara-reyes.com\/wp-content\/uploads\/2023\/01\/clara-reyes-vela-naturopathe-marsanne-transparent-v3.png","width":500,"height":354,"caption":"Clara Reyes Naturopathe"},"image":{"@id":"https:\/\/clara-reyes.com\/#\/schema\/logo\/image\/"}}]}},"_links":{"self":[{"href":"https:\/\/clara-reyes.com\/es\/wp-json\/wp\/v2\/pages\/91","targetHints":{"allow":["GET"]}}],"collection":[{"href":"https:\/\/clara-reyes.com\/es\/wp-json\/wp\/v2\/pages"}],"about":[{"href":"https:\/\/clara-reyes.com\/es\/wp-json\/wp\/v2\/types\/page"}],"author":[{"embeddable":true,"href":"https:\/\/clara-reyes.com\/es\/wp-json\/wp\/v2\/users\/1"}],"replies":[{"embeddable":true,"href":"https:\/\/clara-reyes.com\/es\/wp-json\/wp\/v2\/comments?post=91"}],"version-history":[{"count":129,"href":"https:\/\/clara-reyes.com\/es\/wp-json\/wp\/v2\/pages\/91\/revisions"}],"predecessor-version":[{"id":1119,"href":"https:\/\/clara-reyes.com\/es\/wp-json\/wp\/v2\/pages\/91\/revisions\/1119"}],"wp:attachment":[{"href":"https:\/\/clara-reyes.com\/es\/wp-json\/wp\/v2\/media?parent=91"}],"curies":[{"name":"wp","href":"https:\/\/api.w.org\/{rel}","templated":true}]}}